{"id":1686,"date":"2022-01-10T16:17:18","date_gmt":"2022-01-10T15:17:18","guid":{"rendered":"https:\/\/www.brainfirm.at\/cms\/?page_id=1686"},"modified":"2022-01-26T09:42:20","modified_gmt":"2022-01-26T08:42:20","slug":"uber-brain-firm","status":"publish","type":"page","link":"https:\/\/www.brainfirm.at\/cms\/uber-brain-firm\/","title":{"rendered":"\u00dcber brain firm"},"content":{"rendered":"<div class=\"wpb-content-wrapper\"><div class=\"vc_row wpb_row vc_row-fluid\"><div class=\"wpb_column vc_column_container vc_col-sm-6\"><div class=\"vc_column-inner\"><div class=\"wpb_wrapper\"><figure class=\"sc_image  alignleft sc_image_shape_square\"><img decoding=\"async\" src=\"https:\/\/www.brainfirm.at\/cms\/wp-content\/uploads\/2022\/01\/title.jpg\" alt=\"\" \/><\/figure><\/div><\/div><\/div><div class=\"wpb_column vc_column_container vc_col-sm-6\"><div class=\"vc_column-inner\"><div class=\"wpb_wrapper\"><h2 class=\"sc_title sc_title_regular sc_align_center\" style=\"text-align:center;\"><\/p>\n<p style=\"text-align: left;\">DAS IST <strong>brain firm<\/strong> !<\/p>\n<p><\/h2>\n\t<div class=\"wpb_text_column wpb_content_element \" >\n\t\t<div class=\"wpb_wrapper\">\n\t\t\t<p style=\"text-align: left;\"><strong>Auf Interim Management und Consulting im Finanzbereich spezialisiert, ist brain firm f\u00fcr Unternehmen in lokalem und internationalem Umfeld erfolgreich t\u00e4tig.<\/strong><\/p>\n<p style=\"text-align: left;\">Mit Focus auf Finanz- &amp; Rechungswesen, Controlling, Reporting &amp; Treasury, bieten wir kundenspezifische Probleml\u00f6sungen und Umsetzungskonzepte um angestrebte Unternehmens- bzw. Projektziele zu erreichen.<\/p>\n<p style=\"text-align: left;\">Als flexibler, kompetenter Partner auf Zeit bew\u00e4ltigt brain firm rasch und effizient komplexe Situationen und Aufgaben, deren L\u00f6sung, h\u00e4ufig durch Engp\u00e4sse bei unternehmenseigenen Ressourcen, langwierig oder nicht m\u00f6glich erscheint.<\/p>\n<p style=\"text-align: left;\">Herausragende fachliche Qualifikation und langj\u00e4hrige Praxiserfahrung im Top Management verschiedenster Branchen erm\u00f6glicht es brain firm Leistungen auf h\u00f6chstem Niveau zu erbringen. Wir \u00fcberbr\u00fccken Vakanzen oder erg\u00e4nzen Ihr Team bei personellen Engp\u00e4ssen oder Projekten mit tempor\u00e4rem Managementbedarf. Professionelles Changemanagement z\u00e4hlt ebenso zu unseren Kernkompentenzen wie Projektmanagement ausserhalb Ihres Tagesgesch\u00e4fts.<\/p>\n<p style=\"text-align: left;\"><strong>Um unseren Kunden jederzeit mit optimalen Fachkenntnissen und Erfahrungen zur Verf\u00fcgung zu stehen, ziehen wir bei Bedarf Spezialisten aus unserem Netzwerk hinzu.<\/strong><\/p>\n\n\t\t<\/div>\n\t<\/div>\n<\/div><\/div><\/div><\/div>\n<\/div>","protected":false},"excerpt":{"rendered":"DAS IST brain firm ! Auf Interim Management und Consulting im Finanzbereich spezialisiert, ist brain firm f\u00fcr Unternehmen in lokalem und internationalem Umfeld erfolgreich t\u00e4tig. Mit Focus auf Finanz- &amp; Rechungswesen, Controlling, Reporting &amp; Treasury, bieten wir kundenspezifische Probleml\u00f6sungen und Umsetzungskonzepte um angestrebte Unternehmens- bzw. Projektziele zu erreichen. Als flexibler, kompetenter Partner auf Zeit bew\u00e4ltigt [...]","protected":false},"author":1,"featured_media":0,"parent":0,"menu_order":0,"comment_status":"closed","ping_status":"closed","template":"","meta":{"footnotes":""},"class_list":["post-1686","page","type-page","status-publish","hentry"],"_links":{"self":[{"href":"https:\/\/www.brainfirm.at\/cms\/wp-json\/wp\/v2\/pages\/1686","targetHints":{"allow":["GET"]}}],"collection":[{"href":"https:\/\/www.brainfirm.at\/cms\/wp-json\/wp\/v2\/pages"}],"about":[{"href":"https:\/\/www.brainfirm.at\/cms\/wp-json\/wp\/v2\/types\/page"}],"author":[{"embeddable":true,"href":"https:\/\/www.brainfirm.at\/cms\/wp-json\/wp\/v2\/users\/1"}],"replies":[{"embeddable":true,"href":"https:\/\/www.brainfirm.at\/cms\/wp-json\/wp\/v2\/comments?post=1686"}],"version-history":[{"count":10,"href":"https:\/\/www.brainfirm.at\/cms\/wp-json\/wp\/v2\/pages\/1686\/revisions"}],"predecessor-version":[{"id":1868,"href":"https:\/\/www.brainfirm.at\/cms\/wp-json\/wp\/v2\/pages\/1686\/revisions\/1868"}],"wp:attachment":[{"href":"https:\/\/www.brainfirm.at\/cms\/wp-json\/wp\/v2\/media?parent=1686"}],"curies":[{"name":"wp","href":"https:\/\/api.w.org\/{rel}","templated":true}]}}