{"id":1693,"date":"2022-01-10T16:53:53","date_gmt":"2022-01-10T15:53:53","guid":{"rendered":"https:\/\/www.brainfirm.at\/cms\/?page_id=1693"},"modified":"2022-01-20T11:51:41","modified_gmt":"2022-01-20T10:51:41","slug":"phiosophie","status":"publish","type":"page","link":"https:\/\/www.brainfirm.at\/cms\/en\/phiosophie\/","title":{"rendered":"Philosophy"},"content":{"rendered":"<div class=\"wpb-content-wrapper\"><div class=\"vc_row wpb_row vc_row-fluid\"><div class=\"wpb_column vc_column_container vc_col-sm-3\"><div class=\"vc_column-inner\"><div class=\"wpb_wrapper\">\n\t<div  class=\"wpb_single_image wpb_content_element vc_align_left\">\n\t\t\n\t\t<figure class=\"wpb_wrapper vc_figure\">\n\t\t\t<div class=\"vc_single_image-wrapper   vc_box_border_grey\"><img loading=\"lazy\" decoding=\"async\" width=\"420\" height=\"560\" src=\"https:\/\/www.brainfirm.at\/cms\/wp-content\/uploads\/2022\/01\/stones_22.jpg\" class=\"vc_single_image-img attachment-full\" alt=\"\" title=\"stones_22\" srcset=\"https:\/\/www.brainfirm.at\/cms\/wp-content\/uploads\/2022\/01\/stones_22.jpg 420w, https:\/\/www.brainfirm.at\/cms\/wp-content\/uploads\/2022\/01\/stones_22-225x300.jpg 225w, https:\/\/www.brainfirm.at\/cms\/wp-content\/uploads\/2022\/01\/stones_22-9x12.jpg 9w\" sizes=\"auto, (max-width: 420px) 100vw, 420px\" \/><\/div>\n\t\t<\/figure>\n\t<\/div>\n<\/div><\/div><\/div><div class=\"wpb_column vc_column_container vc_col-sm-9\"><div class=\"vc_column-inner\"><div class=\"wpb_wrapper\"><h2 class=\"sc_title sc_title_regular sc_align_center margin_top_null\" style=\"text-align:center;\"><\/p>\n<p style=\"text-align: left;\"><strong>brain firm<\/strong> Philosophy<\/p>\n<p><\/h2>\n\t<div class=\"wpb_text_column wpb_content_element\" >\n\t\t<div class=\"wpb_wrapper\">\n\t\t\t<p style=\"text-align: left;\">\"The crucial thing about knowledge is that you take it to heart and apply it.\"<br \/>\n<em>Confucius<\/em><\/p>\n<p style=\"text-align: left;\">&gt;&gt; Fast, innovative, discreet &amp; flexible in action for our clients &lt;&lt;<br \/>\nThis credo has been lived by brain.firm since its foundation.<\/p>\n<p style=\"text-align: left;\">Identification with our clients, loyalty, integrity and reliability in the realisation of project goals determine our way of acting.<\/p>\n<p style=\"text-align: left;\">Our goal is to create intelligent and sustainable solutions with efficient measures.<\/p>\n\n\t\t<\/div>\n\t<\/div>\n<\/div><\/div><\/div><\/div>\n<\/div>","protected":false},"excerpt":{"rendered":"brain firm Philosophie \u201eDas Entscheidende am Wissen ist, da\u00df man es beherzigt und anwendet.\u201c Konfuzius &gt;&gt; Schnell, innovativ, diskret &amp; flexibel im Einsatz f\u00fcr unsere Klienten &lt;&lt; Dieses Credo lebt brain.firm seit der Gr\u00fcndung. Identifikation mit unseren Kunden, Loyalit\u00e4t, Integrit\u00e4t und Zuverl\u00e4ssigkeit bei der Realisierung von Projektzielen bestimmen unsere Handlungsweise. Unser Ziel ist es, mit [...]","protected":false},"author":1,"featured_media":0,"parent":0,"menu_order":0,"comment_status":"closed","ping_status":"closed","template":"","meta":{"footnotes":""},"class_list":["post-1693","page","type-page","status-publish","hentry"],"_links":{"self":[{"href":"https:\/\/www.brainfirm.at\/cms\/en\/wp-json\/wp\/v2\/pages\/1693","targetHints":{"allow":["GET"]}}],"collection":[{"href":"https:\/\/www.brainfirm.at\/cms\/en\/wp-json\/wp\/v2\/pages"}],"about":[{"href":"https:\/\/www.brainfirm.at\/cms\/en\/wp-json\/wp\/v2\/types\/page"}],"author":[{"embeddable":true,"href":"https:\/\/www.brainfirm.at\/cms\/en\/wp-json\/wp\/v2\/users\/1"}],"replies":[{"embeddable":true,"href":"https:\/\/www.brainfirm.at\/cms\/en\/wp-json\/wp\/v2\/comments?post=1693"}],"version-history":[{"count":9,"href":"https:\/\/www.brainfirm.at\/cms\/en\/wp-json\/wp\/v2\/pages\/1693\/revisions"}],"predecessor-version":[{"id":1695,"href":"https:\/\/www.brainfirm.at\/cms\/en\/wp-json\/wp\/v2\/pages\/1693\/revisions\/1695"}],"wp:attachment":[{"href":"https:\/\/www.brainfirm.at\/cms\/en\/wp-json\/wp\/v2\/media?parent=1693"}],"curies":[{"name":"wp","href":"https:\/\/api.w.org\/{rel}","templated":true}]}}